{"id":15128,"date":"2022-01-26T09:45:03","date_gmt":"2022-01-26T08:45:03","guid":{"rendered":"https:\/\/maturite-gymnasiale.ch\/?page_id=15128"},"modified":"2022-06-24T10:57:20","modified_gmt":"2022-06-24T08:57:20","slug":"modelisation-appliquee-a-la-physique-balistique","status":"publish","type":"page","link":"https:\/\/maturite-gymnasiale.ch\/?page_id=15128","title":{"rendered":"Mod\u00e9lisation appliqu\u00e9e \u00e0 la physique : Balistique"},"content":{"rendered":"","protected":true},"excerpt":{"rendered":"","protected":true},"author":1,"featured_media":0,"parent":0,"menu_order":0,"comment_status":"closed","ping_status":"closed","template":"","meta":{"courseId":0,"footnotes":""},"class_list":["post-15128","page","type-page","status-publish","post-password-required","hentry"],"_links":{"self":[{"href":"https:\/\/maturite-gymnasiale.ch\/index.php?rest_route=\/wp\/v2\/pages\/15128","targetHints":{"allow":["GET"]}}],"collection":[{"href":"https:\/\/maturite-gymnasiale.ch\/index.php?rest_route=\/wp\/v2\/pages"}],"about":[{"href":"https:\/\/maturite-gymnasiale.ch\/index.php?rest_route=\/wp\/v2\/types\/page"}],"author":[{"embeddable":true,"href":"https:\/\/maturite-gymnasiale.ch\/index.php?rest_route=\/wp\/v2\/users\/1"}],"replies":[{"embeddable":true,"href":"https:\/\/maturite-gymnasiale.ch\/index.php?rest_route=%2Fwp%2Fv2%2Fcomments&post=15128"}],"version-history":[{"count":38,"href":"https:\/\/maturite-gymnasiale.ch\/index.php?rest_route=\/wp\/v2\/pages\/15128\/revisions"}],"predecessor-version":[{"id":16406,"href":"https:\/\/maturite-gymnasiale.ch\/index.php?rest_route=\/wp\/v2\/pages\/15128\/revisions\/16406"}],"wp:attachment":[{"href":"https:\/\/maturite-gymnasiale.ch\/index.php?rest_route=%2Fwp%2Fv2%2Fmedia&parent=15128"}],"curies":[{"name":"wp","href":"https:\/\/api.w.org\/{rel}","templated":true}]}}