{"id":405,"date":"2016-09-18T09:26:44","date_gmt":"2016-09-18T07:26:44","guid":{"rendered":"https:\/\/maturite-gymnasiale.ch\/?page_id=405"},"modified":"2018-11-14T08:51:01","modified_gmt":"2018-11-14T07:51:01","slug":"maturite-professionnelle","status":"publish","type":"page","link":"https:\/\/maturite-gymnasiale.ch\/?page_id=405","title":{"rendered":"Maturit\u00e9 professionnelle"},"content":{"rendered":"<p><span style=\"color: #000000;\">La maturit\u00e9 professionnelle (MP)\u00a0s&rsquo;acquiert pendant ou apr\u00e8s la formation professionnelle initiale avec CFC (apprentissage). Elle offre un niveau de culture g\u00e9n\u00e9rale permettant d&rsquo;acc\u00e9der aux <span style=\"color: #0000ff;\"><a style=\"color: #0000ff;\" href=\"http:\/\/www.ne.ch\/autorites\/DEF\/SFPO\/formsup\/Pages\/Hautes-%C3%A9coles-sp%C3%A9cialis%C3%A9es.aspx\">Hautes \u00e9coles sp\u00e9cialis\u00e9es<\/a><\/span> (HES).<\/span><\/p>\n<p><span style=\"color: #000000;\">Dans le canton de Neuch\u00e2tel, il est possible d&rsquo;obtenir une maturit\u00e9 professionnelle dans cinq orientations:<\/span><\/p>\n<ul>\n<li><span style=\"color: #000000;\">technique, architecture et sciences de la vie<\/span><\/li>\n<li><span style=\"color: #000000;\">nature, paysage et alimentation<\/span><\/li>\n<li><span style=\"color: #000000;\">\u00e9conomie et services<\/span><\/li>\n<li><span style=\"color: #000000;\">arts visuels et arts appliqu\u00e9s<\/span><\/li>\n<li><span style=\"color: #000000;\">sant\u00e9 et social<\/span><\/li>\n<\/ul>\n<p>&nbsp;<\/p>\n<p><span style=\"color: #000000;\">Lieux de formation:<\/span><\/p>\n<ul>\n<li><span style=\"color: #000000;\"><span style=\"color: #0000ff;\"><a style=\"color: #0000ff;\" href=\"http:\/\/www.cifom.ch\/\">CIFOM<\/a><span style=\"color: #000000;\">,<\/span><\/span> La Chaux-de-Fonds et Le Locle<\/span><\/li>\n<li><span style=\"color: #000000;\"><span style=\"color: #0000ff;\"><a style=\"color: #0000ff;\" href=\"http:\/\/www.cpln.ch\/\">CPLN<\/a><\/span>, Neuch\u00e2tel<\/span><\/li>\n<li><span style=\"color: #000000;\"><span style=\"color: #0000ff;\"><a style=\"color: #0000ff;\" href=\"http:\/\/www.lyceejeanpiaget.ch\/\">Lyc\u00e9e Jean-Piaget<\/a><\/span>, Neuch\u00e2tel<\/span><\/li>\n<\/ul>\n<p><span style=\"color: #000000;\">La maturit\u00e9 professionnelle\u00a0peut s&rsquo;obtenir de deux fa\u00e7ons:<\/span><\/p>\n<p><strong><span style=\"color: #000000;\">Mod\u00e8le int\u00e9gr\u00e9<\/span><\/strong><\/p>\n<p><span style=\"color: #000000;\">Cette formation permet d&rsquo;obtenir la MP dans le cadre de la formation initiale, en 3 ou 4 ans selon l&rsquo;orientation choisie. Cette voie est possible en <span style=\"color: #0000ff;\"><a style=\"color: #0000ff;\" href=\"http:\/\/www.orientation.ch\/dyn\/1146.aspx?searchsubmit=true&amp;text_search=&amp;county=13\">\u00e9cole \u00e0 plein temps<\/a> <\/span>ou, selon les cas, durant un apprentissage dual. Elle est ouverte, en principe,\u00a0aux \u00e9l\u00e8ves promus de 11\u00e8me Harmos\u00a0section maturit\u00e9s ainsi que, sous conditions, aux \u00e9l\u00e8ves issus de section moderne, voire de section pr\u00e9professionnelle, ou d&rsquo;une <span style=\"color: #0000ff;\"><a style=\"color: #0000ff;\" href=\"http:\/\/www.ne.ch\/autorites\/DEF\/SFPO\/formations\/Pages\/Pr%C3%A9apprentissage.aspx\">voie de raccordement<\/a><\/span>.<\/span><\/p>\n<p><span style=\"color: #000000;\">Dans la voie CFC\/Maturit\u00e9 professionnelle dite \u00ab\u00a03+1\u00a0\u00bb (MPC 3+1, soit 3 ans en \u00e9cole et 1 ann\u00e9e de stage), la dur\u00e9e des stages en 4<sup>\u00e8me<\/sup> ann\u00e9e est de\u00a052 semaines \u00e0 temps complet dans une entreprise neuch\u00e2teloise, suisse ou \u00e0 l&rsquo;\u00e9tranger.<\/span><\/p>\n<p><strong><span style=\"color: #000000;\">Mod\u00e8le post-CFC<\/span><\/strong><\/p>\n<p><span style=\"color: #000000;\">Cette formation permet d&rsquo;obtenir la MP apr\u00e8s l&rsquo;obtention d&rsquo;un CFC, en suivant une ann\u00e9e de cours en <span style=\"color: #0000ff;\"><a style=\"color: #0000ff;\" href=\"http:\/\/www.orientation.ch\/dyn\/1146.aspx?searchsubmit=true&amp;text_search=&amp;county=13\">\u00e9cole \u00e0 plein temps<\/a><\/span>\u00a0ou \u00e0 mi-temps (2 ans). Des cours pr\u00e9paratoires \u00e0 la MP\u00a0peuvent \u00eatre\u00a0suivis durant l&rsquo;apprentissage. Avec une attestation de r\u00e9ussite de ces cours, les candidats sont exempt\u00e9s de tout examen d&rsquo;admission. Un tel examen peut \u00eatre demand\u00e9 pour s&rsquo;assurer que les connaissances dans certaines branches (fran\u00e7ais, math\u00e9matiques, allemand ou anglais) sont suffisantes.<\/span><\/p>\n<h3><span style=\"color: #000000;\">Passerelle pour l&rsquo;Universit\u00e9<\/span><\/h3>\n<p><span style=\"color: #000000;\">Cette <span style=\"color: #0000ff;\"><a style=\"color: #0000ff;\" href=\"http:\/\/www.orientation.ch\/dyn\/1146.aspx?searchsubmit=true&amp;text_search=dubs&amp;county=0\">fili\u00e8re<\/a><\/span>\u00a0permet aux titulaires d&rsquo;une maturit\u00e9 professionnelle de se pr\u00e9senter \u00e0 un examen sp\u00e9cifique organis\u00e9 deux fois par an au niveau f\u00e9d\u00e9ral. La pr\u00e9paration se fait en \u00e9cole ou par auto-formation.\u00a0Cette passerelle exigeante\u00a0offre l&rsquo;acc\u00e8s aux Universit\u00e9s et Ecoles polytechniques f\u00e9d\u00e9rales, ou aux Hautes \u00e9coles p\u00e9dagogiques. Pour les \u00e9l\u00e8ves neuch\u00e2telois, cette formation se d\u00e9roule au <span style=\"color: #0000ff;\"><a style=\"color: #0000ff;\" href=\"https:\/\/www.lyceejeanpiaget.ch\/passerelle\/Pages\/default.aspx\">Lyc\u00e9e Jean-Piaget<\/a><\/span>.<\/span><\/p>\n","protected":false},"excerpt":{"rendered":"<p>La maturit\u00e9 professionnelle (MP)\u00a0s&rsquo;acquiert pendant ou apr\u00e8s la formation professionnelle initiale avec CFC (apprentissage). Elle offre un niveau de culture g\u00e9n\u00e9rale permettant d&rsquo;acc\u00e9der aux Hautes \u00e9coles sp\u00e9cialis\u00e9es (HES). Dans le canton de Neuch\u00e2tel, il est possible d&rsquo;obtenir une maturit\u00e9 professionnelle <a href=\"https:\/\/maturite-gymnasiale.ch\/?page_id=405\" class=\"read-more\">Read More &#8230;<\/a><\/p>\n","protected":false},"author":1,"featured_media":0,"parent":0,"menu_order":0,"comment_status":"closed","ping_status":"closed","template":"","meta":{"courseId":0,"footnotes":""},"class_list":["post-405","page","type-page","status-publish","hentry"],"_links":{"self":[{"href":"https:\/\/maturite-gymnasiale.ch\/index.php?rest_route=\/wp\/v2\/pages\/405","targetHints":{"allow":["GET"]}}],"collection":[{"href":"https:\/\/maturite-gymnasiale.ch\/index.php?rest_route=\/wp\/v2\/pages"}],"about":[{"href":"https:\/\/maturite-gymnasiale.ch\/index.php?rest_route=\/wp\/v2\/types\/page"}],"author":[{"embeddable":true,"href":"https:\/\/maturite-gymnasiale.ch\/index.php?rest_route=\/wp\/v2\/users\/1"}],"replies":[{"embeddable":true,"href":"https:\/\/maturite-gymnasiale.ch\/index.php?rest_route=%2Fwp%2Fv2%2Fcomments&post=405"}],"version-history":[{"count":8,"href":"https:\/\/maturite-gymnasiale.ch\/index.php?rest_route=\/wp\/v2\/pages\/405\/revisions"}],"predecessor-version":[{"id":5942,"href":"https:\/\/maturite-gymnasiale.ch\/index.php?rest_route=\/wp\/v2\/pages\/405\/revisions\/5942"}],"wp:attachment":[{"href":"https:\/\/maturite-gymnasiale.ch\/index.php?rest_route=%2Fwp%2Fv2%2Fmedia&parent=405"}],"curies":[{"name":"wp","href":"https:\/\/api.w.org\/{rel}","templated":true}]}}