{"id":408,"date":"2016-09-18T09:27:26","date_gmt":"2016-09-18T07:27:26","guid":{"rendered":"https:\/\/maturite-gymnasiale.ch\/?page_id=408"},"modified":"2017-06-29T20:25:22","modified_gmt":"2017-06-29T18:25:22","slug":"certificat-de-culture-generale","status":"publish","type":"page","link":"https:\/\/maturite-gymnasiale.ch\/?page_id=408","title":{"rendered":"Culture g\u00e9n\u00e9rale"},"content":{"rendered":"<div id=\"ctl00_PlaceHolderMain_RichHtmlField1__ControlWrapper_RichHtmlField\" class=\"ms-rtestate-field\">\n<div>Les \u00e9coles de culture g\u00e9n\u00e9rale offrent un enseignement de culture g\u00e9n\u00e9rale compl\u00e9t\u00e9 par des cours cibl\u00e9s dans certains domaines.\u00a0Elle donne droit \u00e0 un <span style=\"color: #0000ff;\"><a style=\"color: #0000ff;\" href=\"http:\/\/www.ne.ch\/autorites\/DEF\/SFPO\/lycees\/Pages\/Formation-de-culture-g%C3%A9n%C3%A9rale.aspx\">certificat de culture g\u00e9n\u00e9rale<\/a><\/span>, qui permet l&rsquo;acc\u00e8s aux ES.<\/div>\n<div>Apr\u00e8s le certificat de culture g\u00e9n\u00e9rale, il est possible de poursuivre sa formation pour obtenir une <span style=\"color: #0000ff;\"><a style=\"color: #0000ff;\" href=\"http:\/\/www.ne.ch\/autorites\/DEF\/SFPO\/lycees\/Pages\/Formation-de-culture-g%C3%A9n%C3%A9rale.aspx\">maturit\u00e9 sp\u00e9cialis\u00e9e<\/a><\/span>, titre reconnu au niveau national. Ce titre donne acc\u00e8s aux fili\u00e8res concern\u00e9es des<span style=\"color: #0000ff;\"> <a style=\"color: #0000ff;\" href=\"http:\/\/www.hes-so.ch\/\" target=\"_blank\" rel=\"noopener\">HES<\/a> <\/span>et \u00e0 la <span style=\"color: #0000ff;\"><a style=\"color: #0000ff;\" href=\"http:\/\/www.hep-bejune.ch\/formations\/primaire\" target=\"_blank\" rel=\"noopener\">HEP<\/a><\/span> (enseignement aux cycles 1 et 2).<\/div>\n<\/div>\n<div><\/div>\n<div>\n<p class=\"ms-rteElement-P\"><span style=\"color: #000000;\">Vous pouvez exercer un m\u00e9tier dans l\u2019un des domaines suivants :<\/span><\/p>\n<ul>\n<li><span style=\"color: #000000;\">la sant\u00e9 : soins infirmiers, ergoth\u00e9rapie, physioth\u00e9rapie, radiologie m\u00e9dicale, analyses biom\u00e9dicales, etc.<\/span><\/li>\n<li><span style=\"color: #000000;\">le social\u00a0: service social, \u00e9ducation sociale, animation socio-culturelle, \u00e9ducation de l\u2019enfance, etc.<\/span><\/li>\n<li><span style=\"color: #000000;\">les arts visuels ou dramatiques<\/span><\/li>\n<li><span style=\"color: #000000;\">la musique<\/span><\/li>\n<li><span style=\"color: #000000;\">le sport<\/span><\/li>\n<\/ul>\n<p class=\"ms-rteElement-P\"><span style=\"color: #000000;\">Et pouvoir acc\u00e9der, avec une maturit\u00e9 sp\u00e9cialis\u00e9e, aux Hautes Ecoles Sp\u00e9cialis\u00e9es (HES) ou, avec un certificat de culture g\u00e9n\u00e9rale, aux Ecoles Sup\u00e9rieures (ES) de ces diff\u00e9rents domaines: Haute Ecole sp\u00e9cialis\u00e9e de Suisse occidentale (HES-SO), Centre Pierre-Coullery,\u00a0Haute \u00e9cole f\u00e9d\u00e9rale de sport de Macolin ou autres \u00e9coles du domaine tertiaire exigeant un titre de fin de secondaire 2.<\/span><\/p>\n<\/div>\n<div><\/div>\n<div><\/div>\n","protected":false},"excerpt":{"rendered":"<p>Les \u00e9coles de culture g\u00e9n\u00e9rale offrent un enseignement de culture g\u00e9n\u00e9rale compl\u00e9t\u00e9 par des cours cibl\u00e9s dans certains domaines.\u00a0Elle donne droit \u00e0 un certificat de culture g\u00e9n\u00e9rale, qui permet l&rsquo;acc\u00e8s aux ES. Apr\u00e8s le certificat de culture g\u00e9n\u00e9rale, il est <a href=\"https:\/\/maturite-gymnasiale.ch\/?page_id=408\" class=\"read-more\">Read More &#8230;<\/a><\/p>\n","protected":false},"author":1,"featured_media":0,"parent":0,"menu_order":0,"comment_status":"closed","ping_status":"closed","template":"","meta":{"courseId":0,"footnotes":""},"class_list":["post-408","page","type-page","status-publish","hentry"],"_links":{"self":[{"href":"https:\/\/maturite-gymnasiale.ch\/index.php?rest_route=\/wp\/v2\/pages\/408","targetHints":{"allow":["GET"]}}],"collection":[{"href":"https:\/\/maturite-gymnasiale.ch\/index.php?rest_route=\/wp\/v2\/pages"}],"about":[{"href":"https:\/\/maturite-gymnasiale.ch\/index.php?rest_route=\/wp\/v2\/types\/page"}],"author":[{"embeddable":true,"href":"https:\/\/maturite-gymnasiale.ch\/index.php?rest_route=\/wp\/v2\/users\/1"}],"replies":[{"embeddable":true,"href":"https:\/\/maturite-gymnasiale.ch\/index.php?rest_route=%2Fwp%2Fv2%2Fcomments&post=408"}],"version-history":[{"count":5,"href":"https:\/\/maturite-gymnasiale.ch\/index.php?rest_route=\/wp\/v2\/pages\/408\/revisions"}],"predecessor-version":[{"id":2816,"href":"https:\/\/maturite-gymnasiale.ch\/index.php?rest_route=\/wp\/v2\/pages\/408\/revisions\/2816"}],"wp:attachment":[{"href":"https:\/\/maturite-gymnasiale.ch\/index.php?rest_route=%2Fwp%2Fv2%2Fmedia&parent=408"}],"curies":[{"name":"wp","href":"https:\/\/api.w.org\/{rel}","templated":true}]}}