{"id":60,"date":"2016-08-21T14:19:02","date_gmt":"2016-08-21T12:19:02","guid":{"rendered":"https:\/\/maturite-gymnasiale.ch\/?page_id=60"},"modified":"2022-02-14T10:44:46","modified_gmt":"2022-02-14T09:44:46","slug":"accueil","status":"publish","type":"page","link":"https:\/\/maturite-gymnasiale.ch\/","title":{"rendered":"Accueil"},"content":{"rendered":"\n<p><span style=\"color: #000000;\">Bienvenue sur le site<a href=\"http:\/\/www.maturite-gymnasiale.ch\"><span style=\"color: #0000ff;\"><strong> www.maturite-gymnasiale.ch<\/strong><\/span><\/a><\/span><\/p>\n\n\n\n<p><span style=\"color: #000000;\">Ce site est d\u00e9di\u00e9 aux \u00e9l\u00e8ves en formation postobligatoire dans les centres de formation professionnelle (certificat de culture g\u00e9n\u00e9rale et maturit\u00e9 professionnelle) et dans les lyc\u00e9es\u00a0(maturit\u00e9 gymnasiale) du Canton de Neuch\u00e2tel.\u00a0Les \u00e9l\u00e8ves y trouveront cours, s\u00e9ries d&rsquo;exercices, travaux \u00e9crits formatifs et anciens examens.<\/span><\/p>\n\n\n\n<p><span style=\"color: #000000;\">Pour m&rsquo;envoyer un mail:&nbsp;<\/span><span style=\"color: #0000ff;\"><a href=\"mailto:info@maturite-gymnasiale.ch\">info@maturite-gymnasiale.ch<\/a><\/span><\/p>\n","protected":false},"excerpt":{"rendered":"<p>Bienvenue sur le site www.maturite-gymnasiale.ch Ce site est d\u00e9di\u00e9 aux \u00e9l\u00e8ves en formation postobligatoire dans les centres de formation professionnelle (certificat de culture g\u00e9n\u00e9rale et maturit\u00e9 professionnelle) et dans les lyc\u00e9es\u00a0(maturit\u00e9 gymnasiale) du Canton de Neuch\u00e2tel.\u00a0Les \u00e9l\u00e8ves y trouveront cours, <a href=\"https:\/\/maturite-gymnasiale.ch\/\" class=\"read-more\">Read More &#8230;<\/a><\/p>\n","protected":false},"author":1,"featured_media":0,"parent":0,"menu_order":0,"comment_status":"closed","ping_status":"closed","template":"","meta":{"courseId":0,"footnotes":""},"class_list":["post-60","page","type-page","status-publish","hentry"],"_links":{"self":[{"href":"https:\/\/maturite-gymnasiale.ch\/index.php?rest_route=\/wp\/v2\/pages\/60","targetHints":{"allow":["GET"]}}],"collection":[{"href":"https:\/\/maturite-gymnasiale.ch\/index.php?rest_route=\/wp\/v2\/pages"}],"about":[{"href":"https:\/\/maturite-gymnasiale.ch\/index.php?rest_route=\/wp\/v2\/types\/page"}],"author":[{"embeddable":true,"href":"https:\/\/maturite-gymnasiale.ch\/index.php?rest_route=\/wp\/v2\/users\/1"}],"replies":[{"embeddable":true,"href":"https:\/\/maturite-gymnasiale.ch\/index.php?rest_route=%2Fwp%2Fv2%2Fcomments&post=60"}],"version-history":[{"count":49,"href":"https:\/\/maturite-gymnasiale.ch\/index.php?rest_route=\/wp\/v2\/pages\/60\/revisions"}],"predecessor-version":[{"id":15412,"href":"https:\/\/maturite-gymnasiale.ch\/index.php?rest_route=\/wp\/v2\/pages\/60\/revisions\/15412"}],"wp:attachment":[{"href":"https:\/\/maturite-gymnasiale.ch\/index.php?rest_route=%2Fwp%2Fv2%2Fmedia&parent=60"}],"curies":[{"name":"wp","href":"https:\/\/api.w.org\/{rel}","templated":true}]}}